{"id":1771,"date":"2016-08-15T13:00:37","date_gmt":"2016-08-15T10:00:37","guid":{"rendered":"http:\/\/www.timisi.com\/?page_id=1771"},"modified":"2018-11-02T17:35:01","modified_gmt":"2018-11-02T14:35:01","slug":"poems","status":"publish","type":"page","link":"http:\/\/www.timisi.com\/en\/poems\/","title":{"rendered":"POEMS"},"content":{"rendered":"<p>[vc_row iron_row_type=&#8221;in_container&#8221; iron_remove_padding_medium=&#8221;&#8221; iron_remove_padding_small=&#8221;&#8221; iron_overlay_pattern=&#8221;&#8221; iron_parallax=&#8221;&#8221; iron_bg_video=&#8221;&#8221; full_width=&#8221;&#8221; parallax=&#8221;&#8221; parallax_image=&#8221;&#8221;][vc_column width=&#8221;1\/2&#8243;][vc_single_image image=&#8221;1857&#8243; img_size=&#8221;250\u00d7360&#8243; alignment=&#8221;center&#8221; onclick=&#8221;custom_link&#8221; img_fullwidth=&#8221;0&#8243; link=&#8221;http:\/\/www.timisi.com\/bir-deli-mavi\/&#8221;][vc_column_text]<\/p>\n<h3 style=\"text-align: center;\"><span style=\"text-decoration: underline;\">B\u0130R DEL\u0130 MAV\u0130<\/span><\/h3>\n<p style=\"text-align: center;\"><strong>Please click on the pictures to read samples from <\/strong><\/p>\n<p style=\"text-align: center;\"><strong>the\u00a0<\/strong><strong>first poetry book of Ali Haydar Timisi <\/strong><\/p>\n<p style=\"text-align: center;\"><strong>published\u00a0<\/strong><strong>By G\u00fcnizi Yay\u0131nc\u0131l\u0131k in March 2003\u2026<\/strong><\/p>\n<h3 style=\"text-align: center;\"><\/h3>\n<p>[\/vc_column_text][\/vc_column][vc_column width=&#8221;1\/2&#8243;][vc_single_image image=&#8221;1856&#8243; img_size=&#8221;250\u00d7360&#8243; alignment=&#8221;center&#8221; onclick=&#8221;custom_link&#8221; img_fullwidth=&#8221;0&#8243; link=&#8221;http:\/\/www.timisi.com\/buyalnizligi&#8221;][vc_column_text]<\/p>\n<h3 style=\"text-align: center;\"><span style=\"text-decoration: underline;\">BU YALNIZLI\u011eI DA ERTEL\u0130YORUM<\/span><\/h3>\n<p style=\"text-align: center;\"><strong>Please on the picture to read samples<\/strong><\/p>\n<p style=\"text-align: center;\"><strong> from the second poetry book of <\/strong><\/p>\n<p style=\"text-align: center;\"><strong>Ali Haydar Timisi published <\/strong><\/p>\n<p style=\"text-align: center;\"><strong>in November 2008\u2026<\/strong><\/p>\n<p>[\/vc_column_text][vc_column_text][\/vc_column_text][\/vc_column][\/vc_row]<\/p>\n","protected":false},"excerpt":{"rendered":"<p>[vc_row iron_row_type=&#8221;in_container&#8221; iron_remove_padding_medium=&#8221;&#8221; iron_remove_padding_small=&#8221;&#8221; iron_overlay_pattern=&#8221;&#8221; iron_parallax=&#8221;&#8221; iron_bg_video=&#8221;&#8221; full_width=&#8221;&#8221; parallax=&#8221;&#8221; parallax_image=&#8221;&#8221;][vc_column width=&#8221;1\/2&#8243;][vc_single_image image=&#8221;1857&#8243; img_size=&#8221;250\u00d7360&#8243; alignment=&#8221;center&#8221; onclick=&#8221;custom_link&#8221; img_fullwidth=&#8221;0&#8243; link=&#8221;http:\/\/www.timisi.com\/bir-deli-mavi\/&#8221;][vc_column_text] B\u0130R DEL\u0130 MAV\u0130 Please click on the pictures to read samples from the\u00a0first poetry book of Ali Haydar Timisi published\u00a0By G\u00fcnizi Yay\u0131nc\u0131l\u0131k in March 2003\u2026 [\/vc_column_text][\/vc_column][vc_column width=&#8221;1\/2&#8243;][vc_single_image image=&#8221;1856&#8243; img_size=&#8221;250\u00d7360&#8243; alignment=&#8221;center&#8221; onclick=&#8221;custom_link&#8221; img_fullwidth=&#8221;0&#8243; link=&#8221;http:\/\/www.timisi.com\/buyalnizligi&#8221;][vc_column_text] BU YALNIZLI\u011eI DA ERTEL\u0130YORUM Please on the picture to read samples from the second poetry book of Ali Haydar Timisi published in November 2008\u2026 [\/vc_column_text][vc_column_text][\/vc_column_text][\/vc_column][\/vc_row]<\/p>\n","protected":false},"author":1,"featured_media":0,"parent":0,"menu_order":0,"comment_status":"closed","ping_status":"closed","template":"","meta":[],"_links":{"self":[{"href":"http:\/\/www.timisi.com\/en\/wp-json\/wp\/v2\/pages\/1771"}],"collection":[{"href":"http:\/\/www.timisi.com\/en\/wp-json\/wp\/v2\/pages"}],"about":[{"href":"http:\/\/www.timisi.com\/en\/wp-json\/wp\/v2\/types\/page"}],"author":[{"embeddable":true,"href":"http:\/\/www.timisi.com\/en\/wp-json\/wp\/v2\/users\/1"}],"replies":[{"embeddable":true,"href":"http:\/\/www.timisi.com\/en\/wp-json\/wp\/v2\/comments?post=1771"}],"version-history":[{"count":4,"href":"http:\/\/www.timisi.com\/en\/wp-json\/wp\/v2\/pages\/1771\/revisions"}],"predecessor-version":[{"id":2307,"href":"http:\/\/www.timisi.com\/en\/wp-json\/wp\/v2\/pages\/1771\/revisions\/2307"}],"wp:attachment":[{"href":"http:\/\/www.timisi.com\/en\/wp-json\/wp\/v2\/media?parent=1771"}],"curies":[{"name":"wp","href":"https:\/\/api.w.org\/{rel}","templated":true}]}}