{"id":1813,"date":"2016-08-15T14:19:40","date_gmt":"2016-08-15T11:19:40","guid":{"rendered":"http:\/\/www.timisi.com\/?page_id=1813"},"modified":"2018-11-02T17:48:01","modified_gmt":"2018-11-02T14:48:01","slug":"books","status":"publish","type":"page","link":"http:\/\/www.timisi.com\/en\/books\/","title":{"rendered":"BOOKS"},"content":{"rendered":"<p>[vc_row iron_row_type=&#8221;in_container&#8221; iron_remove_padding_medium=&#8221;&#8221; iron_remove_padding_small=&#8221;&#8221; iron_overlay_pattern=&#8221;&#8221; iron_parallax=&#8221;&#8221; iron_bg_video=&#8221;&#8221; full_width=&#8221;&#8221; parallax=&#8221;&#8221; parallax_image=&#8221;&#8221;][vc_column width=&#8221;1\/2&#8243;][vc_single_image image=&#8221;1911&#8243; img_size=&#8221;250\u00d7360&#8243; alignment=&#8221;center&#8221; onclick=&#8221;custom_link&#8221; img_fullwidth=&#8221;0&#8243; link=&#8221;http:\/\/www.timisi.com\/en\/semah&#8221;][vc_column_text]<\/p>\n<h3 style=\"text-align: center;\">ANADOLU K\u00dcLT\u00dcR\u00dc VE SEMAHLAR<\/h3>\n<p>[\/vc_column_text][\/vc_column][vc_column width=&#8221;1\/2&#8243;][vc_single_image image=&#8221;1910&#8243; img_size=&#8221;250\u00d7360&#8243; alignment=&#8221;center&#8221; onclick=&#8221;custom_link&#8221; img_fullwidth=&#8221;0&#8243; link=&#8221; http:\/\/www.timisi.com\/en\/ruhisu&#8221;][vc_column_text]<\/p>\n<h3 style=\"text-align: center;\">RUH\u0130 SU &#8211; HAYATI ve ESERLER\u0130<\/h3>\n<p>[\/vc_column_text][\/vc_column][\/vc_row]<\/p>\n","protected":false},"excerpt":{"rendered":"<p>[vc_row iron_row_type=&#8221;in_container&#8221; iron_remove_padding_medium=&#8221;&#8221; iron_remove_padding_small=&#8221;&#8221; iron_overlay_pattern=&#8221;&#8221; iron_parallax=&#8221;&#8221; iron_bg_video=&#8221;&#8221; full_width=&#8221;&#8221; parallax=&#8221;&#8221; parallax_image=&#8221;&#8221;][vc_column width=&#8221;1\/2&#8243;][vc_single_image image=&#8221;1911&#8243; img_size=&#8221;250\u00d7360&#8243; alignment=&#8221;center&#8221; onclick=&#8221;custom_link&#8221; img_fullwidth=&#8221;0&#8243; link=&#8221;http:\/\/www.timisi.com\/en\/semah&#8221;][vc_column_text] ANADOLU K\u00dcLT\u00dcR\u00dc VE SEMAHLAR [\/vc_column_text][\/vc_column][vc_column width=&#8221;1\/2&#8243;][vc_single_image image=&#8221;1910&#8243; img_size=&#8221;250\u00d7360&#8243; alignment=&#8221;center&#8221; onclick=&#8221;custom_link&#8221; img_fullwidth=&#8221;0&#8243; link=&#8221; http:\/\/www.timisi.com\/en\/ruhisu&#8221;][vc_column_text] RUH\u0130 SU &#8211; HAYATI ve ESERLER\u0130 [\/vc_column_text][\/vc_column][\/vc_row]<\/p>\n","protected":false},"author":1,"featured_media":0,"parent":0,"menu_order":0,"comment_status":"closed","ping_status":"closed","template":"","meta":[],"_links":{"self":[{"href":"http:\/\/www.timisi.com\/en\/wp-json\/wp\/v2\/pages\/1813"}],"collection":[{"href":"http:\/\/www.timisi.com\/en\/wp-json\/wp\/v2\/pages"}],"about":[{"href":"http:\/\/www.timisi.com\/en\/wp-json\/wp\/v2\/types\/page"}],"author":[{"embeddable":true,"href":"http:\/\/www.timisi.com\/en\/wp-json\/wp\/v2\/users\/1"}],"replies":[{"embeddable":true,"href":"http:\/\/www.timisi.com\/en\/wp-json\/wp\/v2\/comments?post=1813"}],"version-history":[{"count":4,"href":"http:\/\/www.timisi.com\/en\/wp-json\/wp\/v2\/pages\/1813\/revisions"}],"predecessor-version":[{"id":2310,"href":"http:\/\/www.timisi.com\/en\/wp-json\/wp\/v2\/pages\/1813\/revisions\/2310"}],"wp:attachment":[{"href":"http:\/\/www.timisi.com\/en\/wp-json\/wp\/v2\/media?parent=1813"}],"curies":[{"name":"wp","href":"https:\/\/api.w.org\/{rel}","templated":true}]}}