{"id":1827,"date":"2016-08-15T15:21:05","date_gmt":"2016-08-15T12:21:05","guid":{"rendered":"http:\/\/www.timisi.com\/?page_id=1827"},"modified":"2018-11-02T17:23:53","modified_gmt":"2018-11-02T14:23:53","slug":"interview","status":"publish","type":"page","link":"http:\/\/www.timisi.com\/en\/interview\/","title":{"rendered":"Interview"},"content":{"rendered":"<p>[vc_row iron_row_type=&#8221;in_container&#8221; iron_remove_padding_medium=&#8221;&#8221; iron_remove_padding_small=&#8221;&#8221; iron_overlay_pattern=&#8221;&#8221; iron_parallax=&#8221;&#8221; iron_bg_video=&#8221;&#8221; full_width=&#8221;&#8221; parallax=&#8221;&#8221; parallax_image=&#8221;&#8221;][vc_column width=&#8221;1\/3&#8243;][vc_single_image image=&#8221;1534&#8243; img_size=&#8221;125\u00d7180&#8243; alignment=&#8221;center&#8221; onclick=&#8221;custom_link&#8221; img_fullwidth=&#8221;0&#8243; link=&#8221;http:\/\/www.timisi.com\/en\/interview-1&#8243;][vc_column_text]<\/p>\n<p style=\"text-align: center;\"><strong>You can read the interview of Ali Haydar T\u0130M\u0130S\u0130<\/strong><\/p>\n<p style=\"text-align: center;\"><strong> by Sel\u00e7uk ERAT by clicking on the image. <\/strong><\/p>\n<p>[\/vc_column_text][\/vc_column][vc_column width=&#8221;1\/3&#8243;][vc_single_image image=&#8221;1450&#8243; img_size=&#8221;125\u00d7180&#8243; alignment=&#8221;center&#8221; onclick=&#8221;custom_link&#8221; img_fullwidth=&#8221;0&#8243; link=&#8221;http:\/\/www.timisi.com\/en\/interview-2&#8243;][vc_column_text]<\/p>\n<p style=\"text-align: center;\"><strong>You can read the interview of Ali Haydar T\u0130M\u0130S\u0130<\/strong><\/p>\n<p style=\"text-align: center;\"><strong>by Kadri KARAHAN by clicking on the image.<\/strong><\/p>\n<p>[\/vc_column_text][\/vc_column][vc_column width=&#8221;1\/3&#8243;][vc_single_image image=&#8221;1520&#8243; img_size=&#8221;125\u00d7180&#8243; alignment=&#8221;center&#8221; onclick=&#8221;custom_link&#8221; img_fullwidth=&#8221;0&#8243; link=&#8221;http:\/\/www.timisi.com\/en\/interview-3&#8243;][vc_column_text]<\/p>\n<p style=\"text-align: center;\"><strong>You can read the interview of Ali Haydar T\u0130M\u0130S\u0130 <\/strong><\/p>\n<p style=\"text-align: center;\"><strong>by \u0130lke ERSOY by clicking on the image.<\/strong><\/p>\n<p>[\/vc_column_text][\/vc_column][vc_column][vc_empty_space height=&#8221;70px&#8221;][\/vc_column][\/vc_row]<\/p>\n","protected":false},"excerpt":{"rendered":"<p>[vc_row iron_row_type=&#8221;in_container&#8221; iron_remove_padding_medium=&#8221;&#8221; iron_remove_padding_small=&#8221;&#8221; iron_overlay_pattern=&#8221;&#8221; iron_parallax=&#8221;&#8221; iron_bg_video=&#8221;&#8221; full_width=&#8221;&#8221; parallax=&#8221;&#8221; parallax_image=&#8221;&#8221;][vc_column width=&#8221;1\/3&#8243;][vc_single_image image=&#8221;1534&#8243; img_size=&#8221;125\u00d7180&#8243; alignment=&#8221;center&#8221; onclick=&#8221;custom_link&#8221; img_fullwidth=&#8221;0&#8243; link=&#8221;http:\/\/www.timisi.com\/en\/interview-1&#8243;][vc_column_text] You can read the interview of Ali Haydar T\u0130M\u0130S\u0130 by Sel\u00e7uk ERAT by clicking on the image. [\/vc_column_text][\/vc_column][vc_column width=&#8221;1\/3&#8243;][vc_single_image image=&#8221;1450&#8243; img_size=&#8221;125\u00d7180&#8243; alignment=&#8221;center&#8221; onclick=&#8221;custom_link&#8221; img_fullwidth=&#8221;0&#8243; link=&#8221;http:\/\/www.timisi.com\/en\/interview-2&#8243;][vc_column_text] You can read the interview of Ali Haydar T\u0130M\u0130S\u0130 by Kadri KARAHAN by clicking on the image. [\/vc_column_text][\/vc_column][vc_column width=&#8221;1\/3&#8243;][vc_single_image image=&#8221;1520&#8243; img_size=&#8221;125\u00d7180&#8243; alignment=&#8221;center&#8221; onclick=&#8221;custom_link&#8221; img_fullwidth=&#8221;0&#8243; link=&#8221;http:\/\/www.timisi.com\/en\/interview-3&#8243;][vc_column_text] You can read the interview of Ali Haydar T\u0130M\u0130S\u0130 by \u0130lke ERSOY by [&hellip;]<\/p>\n","protected":false},"author":1,"featured_media":0,"parent":0,"menu_order":0,"comment_status":"closed","ping_status":"closed","template":"","meta":[],"_links":{"self":[{"href":"http:\/\/www.timisi.com\/en\/wp-json\/wp\/v2\/pages\/1827"}],"collection":[{"href":"http:\/\/www.timisi.com\/en\/wp-json\/wp\/v2\/pages"}],"about":[{"href":"http:\/\/www.timisi.com\/en\/wp-json\/wp\/v2\/types\/page"}],"author":[{"embeddable":true,"href":"http:\/\/www.timisi.com\/en\/wp-json\/wp\/v2\/users\/1"}],"replies":[{"embeddable":true,"href":"http:\/\/www.timisi.com\/en\/wp-json\/wp\/v2\/comments?post=1827"}],"version-history":[{"count":8,"href":"http:\/\/www.timisi.com\/en\/wp-json\/wp\/v2\/pages\/1827\/revisions"}],"predecessor-version":[{"id":2103,"href":"http:\/\/www.timisi.com\/en\/wp-json\/wp\/v2\/pages\/1827\/revisions\/2103"}],"wp:attachment":[{"href":"http:\/\/www.timisi.com\/en\/wp-json\/wp\/v2\/media?parent=1827"}],"curies":[{"name":"wp","href":"https:\/\/api.w.org\/{rel}","templated":true}]}}