{"id":1939,"date":"2016-08-16T16:32:44","date_gmt":"2016-08-16T13:32:44","guid":{"rendered":"http:\/\/www.timisi.com\/?page_id=1939"},"modified":"2017-01-09T11:24:29","modified_gmt":"2017-01-09T08:24:29","slug":"semah","status":"publish","type":"page","link":"http:\/\/www.timisi.com\/en\/semah\/","title":{"rendered":"SEMAHLAR"},"content":{"rendered":"<p>[vc_row iron_row_type=&#8221;in_container&#8221; iron_remove_padding_medium=&#8221;&#8221; iron_remove_padding_small=&#8221;&#8221; iron_overlay_pattern=&#8221;&#8221; iron_parallax=&#8221;&#8221; iron_bg_video=&#8221;&#8221;][vc_column][vc_single_image image=&#8221;1911&#8243; img_size=&#8221;&#8221; alignment=&#8221;center&#8221; onclick=&#8221;custom_link&#8221; img_fullwidth=&#8221;0&#8243; link=&#8221;http:\/\/www.timisi.com\/semah&#8221;][\/vc_column][\/vc_row][vc_row iron_row_type=&#8221;in_container&#8221; iron_remove_padding_medium=&#8221;&#8221; iron_remove_padding_small=&#8221;&#8221; iron_overlay_pattern=&#8221;&#8221; iron_parallax=&#8221;&#8221; iron_bg_video=&#8221;&#8221;][vc_column][vc_column_text]<\/p>\n<p style=\"text-align: center;\"><strong>ANADOLU K\u00dcLT\u00dcR\u00dc VE SEMAHLAR (ANATOLIAN CULTURE AND SEMAHS)<\/strong><\/p>\n<p style=\"text-align: center;\"><strong>We see that Turkish community has maintained its moral values such as customs and traditions that have lasted for centuries in a great purity in and around a center unless the community opens to foreign countries from a closed center. \u00a0It is clear that people maintain their beliefs and practices antecedent to religions traditionally even though these are not specified in a the books of the religion they have adopted and they reveal them as a connective element with the significant link established among the community. \u00a0SEMAHS, the subject of this book, are one of the most important values that our people\u2019s refined tastes set forth. Ali Haydar T\u0130M\u0130S\u0130 introduces a perfect scientific study by handling and analyzing SEMAHS extensively who have various characteristics in terms of music, figure and expression. \u00a0\u00a0\u00a0\u00a0\u00a0\u00a0<\/strong><\/p>\n<p style=\"text-align: center;\"><strong>Y\u00dcCEL PA\u015eMAK\u00c7I (Folk Music Specialist \u2013 Lecturer)<\/strong><\/p>\n<p style=\"text-align: center;\"><strong>\u2013<\/strong><\/p>\n<p style=\"text-align: center;\"><strong>Starting with the Mother Goddess Cybele, Ali Haydar T\u0130M\u0130S\u0130 examines that the communities that lived in Anatolia, just like all the other communities, adopted various religions and beliefs throughout history within the frame of changing and developing cultural structure and that they maintained some of the practices of their old beliefs in their new religion. The scientific study which was created with this historicity teaches us that \u201cSEMAHS\u201d which are the most important ritual of Alevist-Bektashi belief has emerged as a synthesis containing expressions, music structure and words symbolized by the figurative features of Semahs and traditional Anatolian folk culture and Turkish traditions in the Central Asia. Proving that SEMAHS tally with the values of the oldest Anatolian civilizations of thousands of years , T\u0130M\u0130S\u0130 brings science and art together with his objective approach which quotes that it is wrong to associate them only with Islam or to define them only in the Central Asian traditions.<\/strong><\/p>\n<p style=\"text-align: center;\"><strong>\u00d6NER YA\u011eCI (Turkish Investigative Author)<\/strong><\/p>\n<p>[\/vc_column_text][\/vc_column][\/vc_row][vc_row iron_row_type=&#8221;in_container&#8221; iron_remove_padding_medium=&#8221;&#8221; iron_remove_padding_small=&#8221;&#8221; iron_overlay_pattern=&#8221;&#8221; iron_parallax=&#8221;&#8221; iron_bg_video=&#8221;&#8221;][vc_column][vc_empty_space][\/vc_column][\/vc_row]<\/p>\n","protected":false},"excerpt":{"rendered":"<p>[vc_row iron_row_type=&#8221;in_container&#8221; iron_remove_padding_medium=&#8221;&#8221; iron_remove_padding_small=&#8221;&#8221; iron_overlay_pattern=&#8221;&#8221; iron_parallax=&#8221;&#8221; iron_bg_video=&#8221;&#8221;][vc_column][vc_single_image image=&#8221;1911&#8243; img_size=&#8221;&#8221; alignment=&#8221;center&#8221; onclick=&#8221;custom_link&#8221; img_fullwidth=&#8221;0&#8243; link=&#8221;http:\/\/www.timisi.com\/semah&#8221;][\/vc_column][\/vc_row][vc_row iron_row_type=&#8221;in_container&#8221; iron_remove_padding_medium=&#8221;&#8221; iron_remove_padding_small=&#8221;&#8221; iron_overlay_pattern=&#8221;&#8221; iron_parallax=&#8221;&#8221; iron_bg_video=&#8221;&#8221;][vc_column][vc_column_text] ANADOLU K\u00dcLT\u00dcR\u00dc VE SEMAHLAR (ANATOLIAN CULTURE AND SEMAHS) We see that Turkish community has maintained its moral values such as customs and traditions that have lasted for centuries in a great purity in and around a center unless the community opens to foreign countries from a closed center. \u00a0It is clear that people maintain their beliefs and practices antecedent to religions [&hellip;]<\/p>\n","protected":false},"author":1,"featured_media":0,"parent":0,"menu_order":0,"comment_status":"closed","ping_status":"closed","template":"","meta":[],"_links":{"self":[{"href":"http:\/\/www.timisi.com\/en\/wp-json\/wp\/v2\/pages\/1939"}],"collection":[{"href":"http:\/\/www.timisi.com\/en\/wp-json\/wp\/v2\/pages"}],"about":[{"href":"http:\/\/www.timisi.com\/en\/wp-json\/wp\/v2\/types\/page"}],"author":[{"embeddable":true,"href":"http:\/\/www.timisi.com\/en\/wp-json\/wp\/v2\/users\/1"}],"replies":[{"embeddable":true,"href":"http:\/\/www.timisi.com\/en\/wp-json\/wp\/v2\/comments?post=1939"}],"version-history":[{"count":3,"href":"http:\/\/www.timisi.com\/en\/wp-json\/wp\/v2\/pages\/1939\/revisions"}],"predecessor-version":[{"id":2085,"href":"http:\/\/www.timisi.com\/en\/wp-json\/wp\/v2\/pages\/1939\/revisions\/2085"}],"wp:attachment":[{"href":"http:\/\/www.timisi.com\/en\/wp-json\/wp\/v2\/media?parent=1939"}],"curies":[{"name":"wp","href":"https:\/\/api.w.org\/{rel}","templated":true}]}}